{"id":789,"date":"2023-10-05T08:57:07","date_gmt":"2023-10-05T08:57:07","guid":{"rendered":"https:\/\/psichologin.lt\/uslugi\/"},"modified":"2025-05-05T11:16:24","modified_gmt":"2025-05-05T11:16:24","slug":"uslugi","status":"publish","type":"page","link":"https:\/\/psichologin.lt\/pl\/uslugi\/","title":{"rendered":"US\u0141UGI"},"content":{"rendered":"\t\t<div data-elementor-type=\"wp-page\" data-elementor-id=\"789\" class=\"elementor elementor-789 elementor-18\" data-elementor-post-type=\"page\">\n\t\t\t\t\t\t\t\t\t<section class=\"elementor-section elementor-top-section elementor-element elementor-element-3f89ade elementor-section-boxed elementor-section-height-default elementor-section-height-default\" data-id=\"3f89ade\" data-element_type=\"section\" data-settings=\"{&quot;background_background&quot;:&quot;classic&quot;,&quot;sticky&quot;:&quot;top&quot;,&quot;sticky_on&quot;:[&quot;desktop&quot;,&quot;tablet&quot;,&quot;mobile&quot;],&quot;sticky_offset&quot;:0,&quot;sticky_effects_offset&quot;:0}\">\n\t\t\t\t\t\t<div class=\"elementor-container elementor-column-gap-default\">\n\t\t\t\t\t<div class=\"elementor-column elementor-col-100 elementor-top-column elementor-element elementor-element-458cdb5\" data-id=\"458cdb5\" data-element_type=\"column\">\n\t\t\t<div class=\"elementor-widget-wrap elementor-element-populated\">\n\t\t\t\t\t\t\t\t<section class=\"elementor-section elementor-inner-section elementor-element elementor-element-5324745 elementor-section-boxed elementor-section-height-default elementor-section-height-default\" data-id=\"5324745\" data-element_type=\"section\" data-settings=\"{&quot;background_background&quot;:&quot;classic&quot;}\">\n\t\t\t\t\t\t<div class=\"elementor-container elementor-column-gap-no\">\n\t\t\t\t\t<div class=\"elementor-column elementor-col-100 elementor-inner-column elementor-element elementor-element-90ee930\" data-id=\"90ee930\" data-element_type=\"column\">\n\t\t\t<div class=\"elementor-widget-wrap elementor-element-populated\">\n\t\t\t\t\t\t\t\t<div class=\"elementor-element elementor-element-12c13ba elementor-nav-menu__align-center elementor-nav-menu--stretch elementor-nav-menu__text-align-center elementor-nav-menu--dropdown-tablet elementor-nav-menu--toggle elementor-nav-menu--burger elementor-widget elementor-widget-nav-menu\" data-id=\"12c13ba\" data-element_type=\"widget\" data-settings=\"{&quot;full_width&quot;:&quot;stretch&quot;,&quot;submenu_icon&quot;:{&quot;value&quot;:&quot;&lt;i class=\\&quot;fas fa-chevron-down\\&quot;&gt;&lt;\\\/i&gt;&quot;,&quot;library&quot;:&quot;fa-solid&quot;},&quot;layout&quot;:&quot;horizontal&quot;,&quot;toggle&quot;:&quot;burger&quot;}\" data-widget_type=\"nav-menu.default\">\n\t\t\t\t<div class=\"elementor-widget-container\">\n\t\t\t\t\t\t<nav class=\"elementor-nav-menu--main elementor-nav-menu__container elementor-nav-menu--layout-horizontal e--pointer-none\">\n\t\t\t\t<ul id=\"menu-1-12c13ba\" class=\"elementor-nav-menu\"><li class=\"menu-item menu-item-type-post_type menu-item-object-page menu-item-home menu-item-805\"><a href=\"https:\/\/psichologin.lt\/pl\/\" class=\"elementor-item\">O MNIE<\/a><\/li>\n<li class=\"menu-item menu-item-type-post_type menu-item-object-page menu-item-808\"><a href=\"https:\/\/psichologin.lt\/pl\/uslugi\/\" class=\"elementor-item\">US\u0141UGI<\/a><\/li>\n<li class=\"menu-item menu-item-type-post_type menu-item-object-page menu-item-809\"><a href=\"https:\/\/psichologin.lt\/pl\/spostrzezenia\/\" class=\"elementor-item\">SPOSTRZE\u017bENIA<\/a><\/li>\n<li class=\"menu-item menu-item-type-custom menu-item-object-custom menu-item-810\"><a href=\"https:\/\/psichologin.lt\/#Susiekite_su_manimi\" class=\"elementor-item elementor-item-anchor\">Skontaktuj si\u0119 ze mn\u0105<\/a><\/li>\n<li class=\"menu-item menu-item-type-post_type menu-item-object-page menu-item-811\"><a href=\"https:\/\/psichologin.lt\/pl\/najczesciej-zadawane-pytania\/\" class=\"elementor-item\">NAJCZ\u0118\u015aCIEJ ZADAWANE PYTANIA<\/a><\/li>\n<li class=\"menu-item wpml-ls-slot-2 wpml-ls-item wpml-ls-item-lt wpml-ls-menu-item wpml-ls-first-item menu-item-type-wpml_ls_menu_item menu-item-object-wpml_ls_menu_item menu-item-wpml-ls-2-lt\"><a title=\"LT\" href=\"https:\/\/psichologin.lt\" class=\"elementor-item\"><img\n            class=\"wpml-ls-flag\"\n            src=\"https:\/\/psichologin.lt\/wp-content\/plugins\/sitepress-multilingual-cms\/res\/flags\/lt.svg\"\n            alt=\"\"\n            \n            \n    \/><span class=\"wpml-ls-native\" lang=\"lt\">LT<\/span><\/a><\/li>\n<li class=\"menu-item wpml-ls-slot-2 wpml-ls-item wpml-ls-item-uk wpml-ls-menu-item menu-item-type-wpml_ls_menu_item menu-item-object-wpml_ls_menu_item menu-item-wpml-ls-2-uk\"><a title=\"UA\" href=\"https:\/\/psichologin.lt\/uk\/\" class=\"elementor-item\"><img\n            class=\"wpml-ls-flag\"\n            src=\"https:\/\/psichologin.lt\/wp-content\/plugins\/sitepress-multilingual-cms\/res\/flags\/uk.svg\"\n            alt=\"\"\n            \n            \n    \/><span class=\"wpml-ls-native\" lang=\"uk\">UA<\/span><\/a><\/li>\n<li class=\"menu-item wpml-ls-slot-2 wpml-ls-item wpml-ls-item-pl wpml-ls-current-language wpml-ls-menu-item menu-item-type-wpml_ls_menu_item menu-item-object-wpml_ls_menu_item menu-item-wpml-ls-2-pl\"><a title=\"PL\" href=\"https:\/\/psichologin.lt\/pl\/\" class=\"elementor-item\"><img\n            class=\"wpml-ls-flag\"\n            src=\"https:\/\/psichologin.lt\/wp-content\/plugins\/sitepress-multilingual-cms\/res\/flags\/pl.svg\"\n            alt=\"\"\n            \n            \n    \/><span class=\"wpml-ls-native\" lang=\"pl\">PL<\/span><\/a><\/li>\n<li class=\"menu-item wpml-ls-slot-2 wpml-ls-item wpml-ls-item-ru wpml-ls-menu-item wpml-ls-last-item menu-item-type-wpml_ls_menu_item menu-item-object-wpml_ls_menu_item menu-item-wpml-ls-2-ru\"><a title=\"RU\" href=\"https:\/\/psichologin.lt\/ru\/\" class=\"elementor-item\"><img\n            class=\"wpml-ls-flag\"\n            src=\"https:\/\/psichologin.lt\/wp-content\/plugins\/sitepress-multilingual-cms\/res\/flags\/ru.svg\"\n            alt=\"\"\n            \n            \n    \/><span class=\"wpml-ls-native\" lang=\"ru\">RU<\/span><\/a><\/li>\n<\/ul>\t\t\t<\/nav>\n\t\t\t\t\t<div class=\"elementor-menu-toggle\" role=\"button\" tabindex=\"0\" aria-label=\"Menu Toggle\" aria-expanded=\"false\">\n\t\t\t<i aria-hidden=\"true\" role=\"presentation\" class=\"elementor-menu-toggle__icon--open eicon-menu-bar\"><\/i><i aria-hidden=\"true\" role=\"presentation\" class=\"elementor-menu-toggle__icon--close eicon-close\"><\/i>\t\t\t<span class=\"elementor-screen-only\">Menu<\/span>\n\t\t<\/div>\n\t\t\t\t\t<nav class=\"elementor-nav-menu--dropdown elementor-nav-menu__container\" aria-hidden=\"true\">\n\t\t\t\t<ul id=\"menu-2-12c13ba\" class=\"elementor-nav-menu\"><li class=\"menu-item menu-item-type-post_type menu-item-object-page menu-item-home menu-item-805\"><a href=\"https:\/\/psichologin.lt\/pl\/\" class=\"elementor-item\" tabindex=\"-1\">O MNIE<\/a><\/li>\n<li class=\"menu-item menu-item-type-post_type menu-item-object-page menu-item-808\"><a href=\"https:\/\/psichologin.lt\/pl\/uslugi\/\" class=\"elementor-item\" tabindex=\"-1\">US\u0141UGI<\/a><\/li>\n<li class=\"menu-item menu-item-type-post_type menu-item-object-page menu-item-809\"><a href=\"https:\/\/psichologin.lt\/pl\/spostrzezenia\/\" class=\"elementor-item\" tabindex=\"-1\">SPOSTRZE\u017bENIA<\/a><\/li>\n<li class=\"menu-item menu-item-type-custom menu-item-object-custom menu-item-810\"><a href=\"https:\/\/psichologin.lt\/#Susiekite_su_manimi\" class=\"elementor-item elementor-item-anchor\" tabindex=\"-1\">Skontaktuj si\u0119 ze mn\u0105<\/a><\/li>\n<li class=\"menu-item menu-item-type-post_type menu-item-object-page menu-item-811\"><a href=\"https:\/\/psichologin.lt\/pl\/najczesciej-zadawane-pytania\/\" class=\"elementor-item\" tabindex=\"-1\">NAJCZ\u0118\u015aCIEJ ZADAWANE PYTANIA<\/a><\/li>\n<li class=\"menu-item wpml-ls-slot-2 wpml-ls-item wpml-ls-item-lt wpml-ls-menu-item wpml-ls-first-item menu-item-type-wpml_ls_menu_item menu-item-object-wpml_ls_menu_item menu-item-wpml-ls-2-lt\"><a title=\"LT\" href=\"https:\/\/psichologin.lt\" class=\"elementor-item\" tabindex=\"-1\"><img\n            class=\"wpml-ls-flag\"\n            src=\"https:\/\/psichologin.lt\/wp-content\/plugins\/sitepress-multilingual-cms\/res\/flags\/lt.svg\"\n            alt=\"\"\n            \n            \n    \/><span class=\"wpml-ls-native\" lang=\"lt\">LT<\/span><\/a><\/li>\n<li class=\"menu-item wpml-ls-slot-2 wpml-ls-item wpml-ls-item-uk wpml-ls-menu-item menu-item-type-wpml_ls_menu_item menu-item-object-wpml_ls_menu_item menu-item-wpml-ls-2-uk\"><a title=\"UA\" href=\"https:\/\/psichologin.lt\/uk\/\" class=\"elementor-item\" tabindex=\"-1\"><img\n            class=\"wpml-ls-flag\"\n            src=\"https:\/\/psichologin.lt\/wp-content\/plugins\/sitepress-multilingual-cms\/res\/flags\/uk.svg\"\n            alt=\"\"\n            \n            \n    \/><span class=\"wpml-ls-native\" lang=\"uk\">UA<\/span><\/a><\/li>\n<li class=\"menu-item wpml-ls-slot-2 wpml-ls-item wpml-ls-item-pl wpml-ls-current-language wpml-ls-menu-item menu-item-type-wpml_ls_menu_item menu-item-object-wpml_ls_menu_item menu-item-wpml-ls-2-pl\"><a title=\"PL\" href=\"https:\/\/psichologin.lt\/pl\/\" class=\"elementor-item\" tabindex=\"-1\"><img\n            class=\"wpml-ls-flag\"\n            src=\"https:\/\/psichologin.lt\/wp-content\/plugins\/sitepress-multilingual-cms\/res\/flags\/pl.svg\"\n            alt=\"\"\n            \n            \n    \/><span class=\"wpml-ls-native\" lang=\"pl\">PL<\/span><\/a><\/li>\n<li class=\"menu-item wpml-ls-slot-2 wpml-ls-item wpml-ls-item-ru wpml-ls-menu-item wpml-ls-last-item menu-item-type-wpml_ls_menu_item menu-item-object-wpml_ls_menu_item menu-item-wpml-ls-2-ru\"><a title=\"RU\" href=\"https:\/\/psichologin.lt\/ru\/\" class=\"elementor-item\" tabindex=\"-1\"><img\n            class=\"wpml-ls-flag\"\n            src=\"https:\/\/psichologin.lt\/wp-content\/plugins\/sitepress-multilingual-cms\/res\/flags\/ru.svg\"\n            alt=\"\"\n            \n            \n    \/><span class=\"wpml-ls-native\" lang=\"ru\">RU<\/span><\/a><\/li>\n<\/ul>\t\t\t<\/nav>\n\t\t\t\t<\/div>\n\t\t\t\t<\/div>\n\t\t\t\t\t<\/div>\n\t\t<\/div>\n\t\t\t\t\t\t\t<\/div>\n\t\t<\/section>\n\t\t\t\t\t<\/div>\n\t\t<\/div>\n\t\t\t\t\t\t\t<\/div>\n\t\t<\/section>\n\t\t\t\t<header class=\"elementor-section elementor-top-section elementor-element elementor-element-706cff02 elementor-section-stretched elementor-section-full_width elementor-section-height-default elementor-section-height-default\" data-id=\"706cff02\" data-element_type=\"section\" data-settings=\"{&quot;stretch_section&quot;:&quot;section-stretched&quot;,&quot;background_background&quot;:&quot;classic&quot;}\">\n\t\t\t\t\t\t\t<div class=\"elementor-background-overlay\"><\/div>\n\t\t\t\t\t\t\t<div class=\"elementor-container elementor-column-gap-no\">\n\t\t\t\t\t<div class=\"elementor-column elementor-col-100 elementor-top-column elementor-element elementor-element-7b95cfe0\" data-id=\"7b95cfe0\" data-element_type=\"column\">\n\t\t\t<div class=\"elementor-widget-wrap elementor-element-populated\">\n\t\t\t\t\t\t\t\t<section class=\"elementor-section elementor-inner-section elementor-element elementor-element-91a4fa4 elementor-section-boxed elementor-section-height-default elementor-section-height-default\" data-id=\"91a4fa4\" data-element_type=\"section\" data-settings=\"{&quot;background_background&quot;:&quot;classic&quot;}\">\n\t\t\t\t\t\t\t<div class=\"elementor-background-overlay\"><\/div>\n\t\t\t\t\t\t\t<div class=\"elementor-container elementor-column-gap-default\">\n\t\t\t\t\t<div class=\"elementor-column elementor-col-100 elementor-inner-column elementor-element elementor-element-5ede117d\" data-id=\"5ede117d\" data-element_type=\"column\">\n\t\t\t<div class=\"elementor-widget-wrap elementor-element-populated\">\n\t\t\t\t\t\t\t\t<div class=\"elementor-element elementor-element-3d30f45c elementor-invisible elementor-widget elementor-widget-heading\" data-id=\"3d30f45c\" data-element_type=\"widget\" data-settings=\"{&quot;_animation&quot;:&quot;fadeInUp&quot;,&quot;_animation_delay&quot;:150}\" data-widget_type=\"heading.default\">\n\t\t\t\t<div class=\"elementor-widget-container\">\n\t\t\t<h1 class=\"elementor-heading-title elementor-size-default\">US\u0141UGI<\/h1>\t\t<\/div>\n\t\t\t\t<\/div>\n\t\t\t\t\t<\/div>\n\t\t<\/div>\n\t\t\t\t\t\t\t<\/div>\n\t\t<\/section>\n\t\t\t\t\t<\/div>\n\t\t<\/div>\n\t\t\t\t\t\t\t<\/div>\n\t\t<\/header>\n\t\t\t\t<section class=\"elementor-section elementor-top-section elementor-element elementor-element-6cdce472 elementor-section-boxed elementor-section-height-default elementor-section-height-default\" data-id=\"6cdce472\" data-element_type=\"section\" data-settings=\"{&quot;background_background&quot;:&quot;classic&quot;}\">\n\t\t\t\t\t\t<div class=\"elementor-container elementor-column-gap-default\">\n\t\t\t\t\t<div class=\"elementor-column elementor-col-50 elementor-top-column elementor-element elementor-element-41d6d49\" data-id=\"41d6d49\" data-element_type=\"column\">\n\t\t\t<div class=\"elementor-widget-wrap elementor-element-populated\">\n\t\t\t\t\t\t\t\t<div class=\"elementor-element elementor-element-afb92d6 elementor-widget-divider--view-line elementor-widget elementor-widget-divider\" data-id=\"afb92d6\" data-element_type=\"widget\" data-widget_type=\"divider.default\">\n\t\t\t\t<div class=\"elementor-widget-container\">\n\t\t\t\t\t<div class=\"elementor-divider\">\n\t\t\t<span class=\"elementor-divider-separator\">\n\t\t\t\t\t\t<\/span>\n\t\t<\/div>\n\t\t\t\t<\/div>\n\t\t\t\t<\/div>\n\t\t\t\t<div class=\"elementor-element elementor-element-0293384 elementor-widget elementor-widget-text-editor\" data-id=\"0293384\" data-element_type=\"widget\" data-widget_type=\"text-editor.default\">\n\t\t\t\t<div class=\"elementor-widget-container\">\n\t\t\t\t\t\t\t<p><strong><em>Konsultacje psychologiczne<\/em><\/strong><span style=\"font-size: 15.75px; letter-spacing: 0px;\"> &#8211; koncentruje si\u0119 na rozwi\u0105zywaniu konkretnych problem\u00f3w i sytuacji. Podczas kr\u00f3tkotrwa\u0142ego procesu uwaga skupiana jest na jednym z najistotniejszych temat\u00f3w. Czas trwania konsultacji psychologicznych wynosi od kilku do kilkudziesi\u0119ciu sesji.<\/span><\/p>\n<p><strong><em>Psychoterapia d\u0142ugoterminowa<\/em><\/strong> d\u0105\u017cy do g\u0142\u0119bszych zmian osobowo\u015bci. Poznawanie \u015bwiata wewn\u0119trznego zwi\u0119ksza swobod\u0119 wyboru, otwiera nowe mo\u017cliwo\u015bci i pomaga \u015bwiadomie zmienia\u0107 swoje \u017cycie.&nbsp;<\/p>\n<ul>\n<li><span style=\"color: #666666;\">Czas trwania konsutlaciji\/ sesji: <strong>50 min.<\/strong><\/span><\/li>\n<li><span style=\"color: #666666;\">Konsultacje\/ sesje odbywaj\u0105 si\u0119 <strong>raz w tygodniu<\/strong> (w razie potrzeby cz\u0119\u015bciej)<\/span><\/li>\n<li><span style=\"color: #666666;\"><strong>Cena konsultacji psychologicznej\/ sesji psychoterapewtycznej 60 \u20ac<\/strong> (mo\u017cliwy rabat w przypadkach socjalnych)<\/span><\/li>\n<li><span style=\"color: #666666;\">Konsultacje\/ sesje mog\u0105 odbywa\u0107 si\u0119 w j\u0119zyku ukrai\u0144skim, polskim, rosyjskim i litewskim<\/span><\/li>\n<li><span style=\"color: #666666;\">Bliskie mi jest podej\u015bcie psychodynamiczne, jednak w swojej pracy wykorzystuj\u0119 r\u00f3\u017cne techniki, kt\u00f3re najlepiej odpowiadaj\u0105 konkretnemu przypadkowi<\/span><\/li>\n<li><span style=\"color: #666666;\">Konsekwentnie doskonal\u0119 swoje umiej\u0119tno\u015bci podczas superwizji<\/span><\/li>\n<\/ul>\t\t\t\t\t\t<\/div>\n\t\t\t\t<\/div>\n\t\t\t\t\t<\/div>\n\t\t<\/div>\n\t\t\t\t<div class=\"elementor-column elementor-col-50 elementor-top-column elementor-element elementor-element-4865ba4a\" data-id=\"4865ba4a\" data-element_type=\"column\" data-settings=\"{&quot;background_background&quot;:&quot;classic&quot;}\">\n\t\t\t<div class=\"elementor-widget-wrap elementor-element-populated\">\n\t\t\t\t\t\t\t\t<div class=\"elementor-element elementor-element-28a591fc elementor-widget elementor-widget-image\" data-id=\"28a591fc\" data-element_type=\"widget\" data-widget_type=\"image.default\">\n\t\t\t\t<div class=\"elementor-widget-container\">\n\t\t\t\t\t\t\t\t\t\t\t\t\t\t\t<img decoding=\"async\" src=\"https:\/\/psichologin.lt\/wp-content\/uploads\/elementor\/thumbs\/du-pakirptas-qszpf235pc2bk71r3tu7hrqpfmpiavzjflekfcsx2c.jpg\" title=\"du pakirptas\" alt=\"du pakirptas\" loading=\"lazy\" \/>\t\t\t\t\t\t\t\t\t\t\t\t\t\t\t<\/div>\n\t\t\t\t<\/div>\n\t\t\t\t\t<\/div>\n\t\t<\/div>\n\t\t\t\t\t\t\t<\/div>\n\t\t<\/section>\n\t\t\t\t<section class=\"elementor-section elementor-top-section elementor-element elementor-element-2590e17 envato-kit-141-top-0 elementor-section-content-middle elementor-section-stretched elementor-section-boxed elementor-section-height-default elementor-section-height-default\" data-id=\"2590e17\" data-element_type=\"section\" data-settings=\"{&quot;background_background&quot;:&quot;classic&quot;,&quot;stretch_section&quot;:&quot;section-stretched&quot;}\">\n\t\t\t\t\t\t\t<div class=\"elementor-background-overlay\"><\/div>\n\t\t\t\t\t\t\t<div class=\"elementor-container elementor-column-gap-wider\">\n\t\t\t\t\t<div class=\"elementor-column elementor-col-50 elementor-top-column elementor-element elementor-element-9463032\" data-id=\"9463032\" data-element_type=\"column\">\n\t\t\t<div class=\"elementor-widget-wrap elementor-element-populated\">\n\t\t\t\t\t\t\t\t<section class=\"elementor-section elementor-inner-section elementor-element elementor-element-fefea69 elementor-section-boxed elementor-section-height-default elementor-section-height-default\" data-id=\"fefea69\" data-element_type=\"section\">\n\t\t\t\t\t\t<div class=\"elementor-container elementor-column-gap-no\">\n\t\t\t\t\t<div class=\"elementor-column elementor-col-100 elementor-inner-column elementor-element elementor-element-4762f85 elementor-invisible\" data-id=\"4762f85\" data-element_type=\"column\" data-settings=\"{&quot;animation&quot;:&quot;fadeIn&quot;,&quot;animation_delay&quot;:150}\">\n\t\t\t<div class=\"elementor-widget-wrap elementor-element-populated\">\n\t\t\t\t\t\t\t\t<div class=\"elementor-element elementor-element-3323ef1 elementor-icon-list--layout-traditional elementor-list-item-link-full_width elementor-widget elementor-widget-icon-list\" data-id=\"3323ef1\" data-element_type=\"widget\" data-widget_type=\"icon-list.default\">\n\t\t\t\t<div class=\"elementor-widget-container\">\n\t\t\t\t\t<ul class=\"elementor-icon-list-items\">\n\t\t\t\t\t\t\t<li class=\"elementor-icon-list-item\">\n\t\t\t\t\t\t\t\t\t\t\t<span class=\"elementor-icon-list-icon\">\n\t\t\t\t\t\t\t<i aria-hidden=\"true\" class=\"fas fa-map-marker-alt\"><\/i>\t\t\t\t\t\t<\/span>\n\t\t\t\t\t\t\t\t\t\t<span class=\"elementor-icon-list-text\">Adres: Gedimino pr. 27, Wilno<\/span>\n\t\t\t\t\t\t\t\t\t<\/li>\n\t\t\t\t\t\t\t\t<li class=\"elementor-icon-list-item\">\n\t\t\t\t\t\t\t\t\t\t\t<span class=\"elementor-icon-list-icon\">\n\t\t\t\t\t\t\t<i aria-hidden=\"true\" class=\"fas fa-phone\"><\/i>\t\t\t\t\t\t<\/span>\n\t\t\t\t\t\t\t\t\t\t<span class=\"elementor-icon-list-text\">Numer kontaktowy: <a href=\"tel:%20+3706%20739%206315\">+3706 739 6315<\/a> <\/span>\n\t\t\t\t\t\t\t\t\t<\/li>\n\t\t\t\t\t\t\t\t<li class=\"elementor-icon-list-item\">\n\t\t\t\t\t\t\t\t\t\t\t<a href=\"mailto:%20ustina@psichologin.lt\">\n\n\t\t\t\t\t\t\t\t\t\t\t\t<span class=\"elementor-icon-list-icon\">\n\t\t\t\t\t\t\t<i aria-hidden=\"true\" class=\"far fa-envelope-open\"><\/i>\t\t\t\t\t\t<\/span>\n\t\t\t\t\t\t\t\t\t\t<span class=\"elementor-icon-list-text\"> ustina@psichologin.lt<\/span>\n\t\t\t\t\t\t\t\t\t\t\t<\/a>\n\t\t\t\t\t\t\t\t\t<\/li>\n\t\t\t\t\t\t<\/ul>\n\t\t\t\t<\/div>\n\t\t\t\t<\/div>\n\t\t\t\t\t<\/div>\n\t\t<\/div>\n\t\t\t\t\t\t\t<\/div>\n\t\t<\/section>\n\t\t\t\t\t<\/div>\n\t\t<\/div>\n\t\t\t\t<div class=\"elementor-column elementor-col-50 elementor-top-column elementor-element elementor-element-a371cda envato-kit-141-newsletter-inline elementor-invisible\" data-id=\"a371cda\" data-element_type=\"column\" data-settings=\"{&quot;background_background&quot;:&quot;classic&quot;,&quot;animation&quot;:&quot;pulse&quot;,&quot;animation_delay&quot;:200}\">\n\t\t\t<div class=\"elementor-widget-wrap elementor-element-populated\">\n\t\t\t\t\t\t\t\t<div class=\"elementor-element elementor-element-a8d7707 elementor-button-align-stretch elementor-widget elementor-widget-form\" data-id=\"a8d7707\" data-element_type=\"widget\" data-settings=\"{&quot;step_next_label&quot;:&quot;Next&quot;,&quot;step_previous_label&quot;:&quot;Previous&quot;,&quot;step_type&quot;:&quot;number_text&quot;,&quot;step_icon_shape&quot;:&quot;circle&quot;}\" data-widget_type=\"form.default\">\n\t\t\t\t<div class=\"elementor-widget-container\">\n\t\t\t\t\t<form class=\"elementor-form\" method=\"post\" name=\"New Form\">\n\t\t\t<input type=\"hidden\" name=\"post_id\" value=\"789\"\/>\n\t\t\t<input type=\"hidden\" name=\"form_id\" value=\"a8d7707\"\/>\n\t\t\t<input type=\"hidden\" name=\"referer_title\" value=\"\" \/>\n\n\t\t\t\n\t\t\t<div class=\"elementor-form-fields-wrapper elementor-labels-above\">\n\t\t\t\t\t\t\t\t<div class=\"elementor-field-type-text elementor-field-group elementor-column elementor-field-group-email elementor-col-100 elementor-field-required\">\n\t\t\t\t\t\t\t\t\t\t\t\t\t<input size=\"1\" type=\"text\" name=\"form_fields[email]\" id=\"form-field-email\" class=\"elementor-field elementor-size-md  elementor-field-textual\" placeholder=\"Nazwa\" required=\"required\" aria-required=\"true\">\n\t\t\t\t\t\t\t\t\t\t\t<\/div>\n\t\t\t\t\t\t\t\t<div class=\"elementor-field-type-email elementor-field-group elementor-column elementor-field-group-6850d19 elementor-col-100 elementor-field-required\">\n\t\t\t\t\t\t\t\t\t\t\t\t\t<input size=\"1\" type=\"email\" name=\"form_fields[6850d19]\" id=\"form-field-6850d19\" class=\"elementor-field elementor-size-md  elementor-field-textual\" placeholder=\"Poczta\" required=\"required\" aria-required=\"true\">\n\t\t\t\t\t\t\t\t\t\t\t<\/div>\n\t\t\t\t\t\t\t\t<div class=\"elementor-field-type-textarea elementor-field-group elementor-column elementor-field-group-da6d553 elementor-col-100\">\n\t\t\t\t\t<textarea class=\"elementor-field-textual elementor-field  elementor-size-md\" name=\"form_fields[da6d553]\" id=\"form-field-da6d553\" rows=\"4\" placeholder=\"Wiadomo\u015b\u0107\"><\/textarea>\t\t\t\t<\/div>\n\t\t\t\t\t\t\t\t<div class=\"elementor-field-group elementor-column elementor-field-type-submit elementor-col-100 e-form__buttons\">\n\t\t\t\t\t<button type=\"submit\" class=\"elementor-button elementor-size-md\">\n\t\t\t\t\t\t<span >\n\t\t\t\t\t\t\t\t\t\t\t\t\t\t\t<span class=\" elementor-button-icon\">\n\t\t\t\t\t\t\t\t\t\t\t\t\t\t\t\t\t\t\t\t\t\t\t\t\t\t<\/span>\n\t\t\t\t\t\t\t\t\t\t\t\t\t\t\t\t\t\t\t\t\t\t<span class=\"elementor-button-text\">Wy\u015blij Wiadomo\u015b\u0107<\/span>\n\t\t\t\t\t\t\t\t\t\t\t\t\t<\/span>\n\t\t\t\t\t<\/button>\n\t\t\t\t<\/div>\n\t\t\t<\/div>\n\t\t<\/form>\n\t\t\t\t<\/div>\n\t\t\t\t<\/div>\n\t\t\t\t\t<\/div>\n\t\t<\/div>\n\t\t\t\t\t\t\t<\/div>\n\t\t<\/section>\n\t\t\t\t\t\t\t<\/div>\n\t\t","protected":false},"excerpt":{"rendered":"<p>US\u0141UGI Konsultacje psychologiczne &#8211; koncentruje si\u0119 na rozwi\u0105zywaniu konkretnych problem\u00f3w i sytuacji. Podczas kr\u00f3tkotrwa\u0142ego procesu uwaga skupiana jest na jednym z najistotniejszych temat\u00f3w. Czas trwania konsultacji psychologicznych wynosi od kilku do kilkudziesi\u0119ciu sesji. Psychoterapia d\u0142ugoterminowa d\u0105\u017cy do g\u0142\u0119bszych zmian osobowo\u015bci. Poznawanie \u015bwiata wewn\u0119trznego zwi\u0119ksza swobod\u0119 wyboru, otwiera nowe mo\u017cliwo\u015bci i pomaga \u015bwiadomie zmienia\u0107 swoje \u017cycie.&nbsp; [&hellip;]<\/p>\n","protected":false},"author":1,"featured_media":0,"parent":0,"menu_order":0,"comment_status":"closed","ping_status":"closed","template":"elementor_canvas","meta":{"footnotes":""},"_links":{"self":[{"href":"https:\/\/psichologin.lt\/pl\/wp-json\/wp\/v2\/pages\/789"}],"collection":[{"href":"https:\/\/psichologin.lt\/pl\/wp-json\/wp\/v2\/pages"}],"about":[{"href":"https:\/\/psichologin.lt\/pl\/wp-json\/wp\/v2\/types\/page"}],"author":[{"embeddable":true,"href":"https:\/\/psichologin.lt\/pl\/wp-json\/wp\/v2\/users\/1"}],"replies":[{"embeddable":true,"href":"https:\/\/psichologin.lt\/pl\/wp-json\/wp\/v2\/comments?post=789"}],"version-history":[{"count":15,"href":"https:\/\/psichologin.lt\/pl\/wp-json\/wp\/v2\/pages\/789\/revisions"}],"predecessor-version":[{"id":1205,"href":"https:\/\/psichologin.lt\/pl\/wp-json\/wp\/v2\/pages\/789\/revisions\/1205"}],"wp:attachment":[{"href":"https:\/\/psichologin.lt\/pl\/wp-json\/wp\/v2\/media?parent=789"}],"curies":[{"name":"wp","href":"https:\/\/api.w.org\/{rel}","templated":true}]}}